{"id":15,"date":"2025-11-07T17:27:12","date_gmt":"2025-11-07T17:27:12","guid":{"rendered":"https:\/\/mcabi.itstb.edu.mx\/inicio\/?page_id=15"},"modified":"2025-11-07T17:27:12","modified_gmt":"2025-11-07T17:27:12","slug":"programa-academico","status":"publish","type":"page","link":"https:\/\/mcabi.itstb.edu.mx\/inicio\/programa-academico\/","title":{"rendered":"Programa Acad\u00e9mico"},"content":{"rendered":"\n<p class=\"has-text-align-center\">Maestr\u00eda en Ciencias de los Alimentos y Biotecnolog\u00eda<\/p>\n\n\n\n<p>Plan de estudios<\/p>\n\n\n\n<p>El plan de estudios de la Maestr\u00eda en Ciencias de los Alimentos y Biotecnolog\u00eda forma parte de la oferta acad\u00e9mica a nivel posgrado del Tecnol\u00f3gico Nacional de M\u00e9xico, el cual es un posgrado aceptado y autorizado por el Sistema Nacional de Educaci\u00f3n Superior Tecnol\u00f3gica.<\/p>\n\n\n\n<ul class=\"wp-block-list\">\n<li>Biotecnolog\u00eda Enzim\u00e1tica y de Fermentaciones.<\/li>\n\n\n\n<li>Ingenier\u00eda de Procesos Biotecnol\u00f3gicos y Alimentario.<\/li>\n\n\n\n<li>Conservaci\u00f3n y Aprovechamiento Integral de Alimentos.<\/li>\n<\/ul>\n\n\n\n\n<div class=\"wp-block-columns is-layout-flex wp-container-core-columns-is-layout-28f84493 wp-block-columns-is-layout-flex\">\n<div class=\"wp-block-column is-layout-flow wp-block-column-is-layout-flow\" style=\"flex-basis:100%\"><\/div>\n<\/div>\n\n\n\n\n<p><\/p>\n\n\n\n<div class=\"wp-block-columns is-layout-flex wp-container-core-columns-is-layout-28f84493 wp-block-columns-is-layout-flex\">\n<div class=\"wp-block-column is-layout-flow wp-block-column-is-layout-flow\" style=\"flex-basis:100%\">\n<div class=\"wp-block-group has-global-padding is-layout-constrained wp-block-group-is-layout-constrained\">\n<div class=\"wp-block-columns is-layout-flex wp-container-core-columns-is-layout-28f84493 wp-block-columns-is-layout-flex\">\n<div class=\"wp-block-column is-layout-flow wp-block-column-is-layout-flow\" style=\"flex-basis:100%\">\n<div class=\"wp-block-group has-global-padding is-layout-constrained wp-block-group-is-layout-constrained\">\n<figure class=\"wp-block-table\"><table class=\"has-fixed-layout\"><tbody><tr><td><strong>Materia<\/strong><\/td><td><strong>Cr\u00e9ditos<\/strong><\/td><\/tr><tr><td>Qu\u00edmica<\/td><td>6<\/td><\/tr><tr><td>Dise\u00f1o Estad\u00edstico de Experimentos<\/td><td>6<\/td><\/tr><tr><td>T\u00e9cnicas anal\u00edticas<\/td><td>6<\/td><\/tr><tr><td>Microbiolog\u00eda aplicada<\/td><td>6<\/td><\/tr><tr><td>Seminario de Investigaci\u00f3n I<\/td><td>4<\/td><\/tr><tr><td>Seminario de Investigaci\u00f3n II<\/td><td>4<\/td><\/tr><tr><td>Seminario de Investigaci\u00f3n III<\/td><td>4<\/td><\/tr><tr><td>Optativa I<\/td><td>6<\/td><\/tr><tr><td>Optativa II<\/td><td>6<\/td><\/tr><tr><td>Optativa III<\/td><td>6<\/td><\/tr><tr><td>Optativa IV<\/td><td>6<\/td><\/tr><tr><td>Tesis<\/td><td>40<\/td><\/tr><\/tbody><\/table><\/figure>\n<\/div>\n<\/div>\n<\/div>\n<\/div>\n<\/div>\n<\/div>\n","protected":false},"excerpt":{"rendered":"<p>Maestr\u00eda en Ciencias de los Alimentos y Biotecnolog\u00eda Plan de estudios El plan de estudios de la Maestr\u00eda en Ciencias de los Alimentos y Biotecnolog\u00eda forma parte de la oferta acad\u00e9mica a nivel posgrado del Tecnol\u00f3gico Nacional de M\u00e9xico, el cual es un posgrado aceptado y autorizado por el Sistema Nacional de Educaci\u00f3n Superior Tecnol\u00f3gica. [&hellip;]<\/p>\n","protected":false},"author":1,"featured_media":0,"parent":0,"menu_order":0,"comment_status":"closed","ping_status":"closed","template":"","meta":{"pagelayer_contact_templates":[],"_pagelayer_content":"","footnotes":""},"class_list":["post-15","page","type-page","status-publish","hentry"],"_links":{"self":[{"href":"https:\/\/mcabi.itstb.edu.mx\/inicio\/wp-json\/wp\/v2\/pages\/15","targetHints":{"allow":["GET"]}}],"collection":[{"href":"https:\/\/mcabi.itstb.edu.mx\/inicio\/wp-json\/wp\/v2\/pages"}],"about":[{"href":"https:\/\/mcabi.itstb.edu.mx\/inicio\/wp-json\/wp\/v2\/types\/page"}],"author":[{"embeddable":true,"href":"https:\/\/mcabi.itstb.edu.mx\/inicio\/wp-json\/wp\/v2\/users\/1"}],"replies":[{"embeddable":true,"href":"https:\/\/mcabi.itstb.edu.mx\/inicio\/wp-json\/wp\/v2\/comments?post=15"}],"version-history":[{"count":1,"href":"https:\/\/mcabi.itstb.edu.mx\/inicio\/wp-json\/wp\/v2\/pages\/15\/revisions"}],"predecessor-version":[{"id":19,"href":"https:\/\/mcabi.itstb.edu.mx\/inicio\/wp-json\/wp\/v2\/pages\/15\/revisions\/19"}],"wp:attachment":[{"href":"https:\/\/mcabi.itstb.edu.mx\/inicio\/wp-json\/wp\/v2\/media?parent=15"}],"curies":[{"name":"wp","href":"https:\/\/api.w.org\/{rel}","templated":true}]}}