{"id":17,"date":"2025-11-07T17:34:45","date_gmt":"2025-11-07T17:34:45","guid":{"rendered":"https:\/\/mcabi.itstb.edu.mx\/inicio\/?page_id=17"},"modified":"2025-11-07T17:34:45","modified_gmt":"2025-11-07T17:34:45","slug":"nucleo-academico","status":"publish","type":"page","link":"https:\/\/mcabi.itstb.edu.mx\/inicio\/nucleo-academico\/","title":{"rendered":"N\u00facleo Acad\u00e9mico"},"content":{"rendered":"\n<h4 class=\"wp-block-heading has-text-align-center\">Maestr\u00eda en Ciencias de los Alimentos y Biotecnolog\u00eda<\/h4>\n\n\n\n<h4 class=\"wp-block-heading has-text-align-center\">N\u00facleo Acad\u00e9mico B\u00e1sico<\/h4>\n\n\n\n<h4 class=\"wp-block-heading has-text-align-center\">Instituto Tecnol\u00f3gico Superior de Tierra Blanca<\/h4>\n\n\n\n<div class=\"wp-block-media-text is-stacked-on-mobile\" style=\"grid-template-columns:29% auto\"><figure class=\"wp-block-media-text__media\"><img loading=\"lazy\" decoding=\"async\" width=\"1024\" height=\"826\" src=\"https:\/\/mcabi.itstb.edu.mx\/inicio\/wp-content\/uploads\/2025\/10\/elizabeth-final-1-1024x826.png\" alt=\"\" class=\"wp-image-21 size-full\" srcset=\"https:\/\/mcabi.itstb.edu.mx\/inicio\/wp-content\/uploads\/2025\/10\/elizabeth-final-1-1024x826.png 1024w, https:\/\/mcabi.itstb.edu.mx\/inicio\/wp-content\/uploads\/2025\/10\/elizabeth-final-1-300x242.png 300w, https:\/\/mcabi.itstb.edu.mx\/inicio\/wp-content\/uploads\/2025\/10\/elizabeth-final-1-768x619.png 768w, https:\/\/mcabi.itstb.edu.mx\/inicio\/wp-content\/uploads\/2025\/10\/elizabeth-final-1-1536x1239.png 1536w, https:\/\/mcabi.itstb.edu.mx\/inicio\/wp-content\/uploads\/2025\/10\/elizabeth-final-1.png 1674w\" sizes=\"auto, (max-width: 1024px) 100vw, 1024px\" \/><\/figure><div class=\"wp-block-media-text__content\">\n<h6>Dra. Elizabeth del Carmen Varela Santos<\/h6>\n\n\n\n<p class=\"has-text-align-left\">Conservaci\u00f3n y Aprovechamiento Integral de Alimentos<\/p>\n\n\n\n<p>e.varela@itstb.edu.mx<\/p>\n\n\n\n<p>Instituto Tecnol\u00f3gico de Durango<\/p>\n\n\n\n<p>Integrante de Cuerpo Acad\u00e9mico ITESTB-CA-05<\/p>\n\n\n\n<p>Profesor con perfil deseable PRODEP<\/p>\n<\/div><\/div>\n\n\n\n<div class=\"wp-block-media-text is-stacked-on-mobile\" style=\"grid-template-columns:29% auto\"><figure class=\"wp-block-media-text__media\"><img loading=\"lazy\" decoding=\"async\" width=\"1024\" height=\"826\" src=\"https:\/\/mcabi.itstb.edu.mx\/inicio\/wp-content\/uploads\/2025\/10\/ana-final-1024x826.png\" alt=\"\" class=\"wp-image-24 size-full\" srcset=\"https:\/\/mcabi.itstb.edu.mx\/inicio\/wp-content\/uploads\/2025\/10\/ana-final-1024x826.png 1024w, https:\/\/mcabi.itstb.edu.mx\/inicio\/wp-content\/uploads\/2025\/10\/ana-final-300x242.png 300w, https:\/\/mcabi.itstb.edu.mx\/inicio\/wp-content\/uploads\/2025\/10\/ana-final-768x619.png 768w, https:\/\/mcabi.itstb.edu.mx\/inicio\/wp-content\/uploads\/2025\/10\/ana-final-1536x1239.png 1536w, https:\/\/mcabi.itstb.edu.mx\/inicio\/wp-content\/uploads\/2025\/10\/ana-final.png 1674w\" sizes=\"auto, (max-width: 1024px) 100vw, 1024px\" \/><\/figure><div class=\"wp-block-media-text__content\">\n<h6>Dra. Ana Line V\u00e1zquez Larios<\/h6>\n\n\n\n<p class=\"has-text-align-left\">Biotecnolog\u00eda Enzim\u00e1tica y de Fermentaciones<\/p>\n\n\n\n<p>ana.vazquez@itstb.edu.mx<\/p>\n\n\n\n<p>CINVESTAV-IPN<\/p>\n\n\n\n<p>Investigaci\u00f3n Nacional, Nivel C<\/p>\n\n\n\n<p>Profesor con perfil deseable PRODEP<\/p>\n<\/div><\/div>\n\n\n\n<div class=\"wp-block-media-text is-stacked-on-mobile\" style=\"grid-template-columns:29% auto\"><figure class=\"wp-block-media-text__media\"><img loading=\"lazy\" decoding=\"async\" width=\"1024\" height=\"826\" src=\"https:\/\/mcabi.itstb.edu.mx\/inicio\/wp-content\/uploads\/2025\/10\/paula-final-1024x826.png\" alt=\"\" class=\"wp-image-25 size-full\" srcset=\"https:\/\/mcabi.itstb.edu.mx\/inicio\/wp-content\/uploads\/2025\/10\/paula-final-1024x826.png 1024w, https:\/\/mcabi.itstb.edu.mx\/inicio\/wp-content\/uploads\/2025\/10\/paula-final-300x242.png 300w, https:\/\/mcabi.itstb.edu.mx\/inicio\/wp-content\/uploads\/2025\/10\/paula-final-768x619.png 768w, https:\/\/mcabi.itstb.edu.mx\/inicio\/wp-content\/uploads\/2025\/10\/paula-final-1536x1239.png 1536w, https:\/\/mcabi.itstb.edu.mx\/inicio\/wp-content\/uploads\/2025\/10\/paula-final.png 1674w\" sizes=\"auto, (max-width: 1024px) 100vw, 1024px\" \/><\/figure><div class=\"wp-block-media-text__content\">\n<h6>Dra. Paula Natalia Robledo Narv\u00e1ez<\/h6>\n\n\n\n<p class=\"has-text-align-left\">Biotecnolog\u00eda Enzim\u00e1tica y de Fermentaci\u00f3n<\/p>\n\n\n\n<p>paula.robledo@itstb.edu.mx<\/p>\n\n\n\n<p>CINVESTAV-IPN<\/p>\n\n\n\n<p>Investigaci\u00f3n Nacional Nivel C<\/p>\n\n\n\n<p>Profesor con perfil deseable PRODEP<\/p>\n<\/div><\/div>\n\n\n\n<div class=\"wp-block-media-text is-stacked-on-mobile\" style=\"grid-template-columns:29% auto\"><figure class=\"wp-block-media-text__media\"><img loading=\"lazy\" decoding=\"async\" width=\"1024\" height=\"826\" src=\"https:\/\/mcabi.itstb.edu.mx\/inicio\/wp-content\/uploads\/2025\/10\/veronica-final-1024x826.png\" alt=\"\" class=\"wp-image-26 size-full\" srcset=\"https:\/\/mcabi.itstb.edu.mx\/inicio\/wp-content\/uploads\/2025\/10\/veronica-final-1024x826.png 1024w, https:\/\/mcabi.itstb.edu.mx\/inicio\/wp-content\/uploads\/2025\/10\/veronica-final-300x242.png 300w, https:\/\/mcabi.itstb.edu.mx\/inicio\/wp-content\/uploads\/2025\/10\/veronica-final-768x619.png 768w, https:\/\/mcabi.itstb.edu.mx\/inicio\/wp-content\/uploads\/2025\/10\/veronica-final-1536x1239.png 1536w, https:\/\/mcabi.itstb.edu.mx\/inicio\/wp-content\/uploads\/2025\/10\/veronica-final.png 1674w\" sizes=\"auto, (max-width: 1024px) 100vw, 1024px\" \/><\/figure><div class=\"wp-block-media-text__content\">\n<h6>Dra. Ver\u00f3nica Saucedo Rovalcoba<\/h6>\n\n\n\n<p class=\"has-text-align-left\">Ingenier\u00eda de Procesos Biotecnol\u00f3gicos y Alimentarios<\/p>\n\n\n\n<p>veronica.saucedo@itstb.edu.mx<\/p>\n\n\n\n<p>Universidad Aut\u00f3noma del Estado de M\u00e9xico, Investigador Nacional, Nivel C<\/p>\n\n\n\n<p>L\u00edder de la l\u00ednea de Investigaci\u00f3n II, L\u00edder del Cuerpo Acad\u00e9mico ITESTB-CA-05<\/p>\n\n\n\n<p>Profesor con perfil deseable, PROMEP.<\/p>\n<\/div><\/div>\n\n\n\n<div class=\"wp-block-media-text is-stacked-on-mobile\" style=\"grid-template-columns:29% auto\"><figure class=\"wp-block-media-text__media\"><img loading=\"lazy\" decoding=\"async\" width=\"1024\" height=\"826\" src=\"https:\/\/mcabi.itstb.edu.mx\/inicio\/wp-content\/uploads\/2025\/10\/beatriz-final-1024x826.png\" alt=\"\" class=\"wp-image-27 size-full\" srcset=\"https:\/\/mcabi.itstb.edu.mx\/inicio\/wp-content\/uploads\/2025\/10\/beatriz-final-1024x826.png 1024w, https:\/\/mcabi.itstb.edu.mx\/inicio\/wp-content\/uploads\/2025\/10\/beatriz-final-300x242.png 300w, https:\/\/mcabi.itstb.edu.mx\/inicio\/wp-content\/uploads\/2025\/10\/beatriz-final-768x619.png 768w, https:\/\/mcabi.itstb.edu.mx\/inicio\/wp-content\/uploads\/2025\/10\/beatriz-final-1536x1239.png 1536w, https:\/\/mcabi.itstb.edu.mx\/inicio\/wp-content\/uploads\/2025\/10\/beatriz-final.png 1674w\" sizes=\"auto, (max-width: 1024px) 100vw, 1024px\" \/><\/figure><div class=\"wp-block-media-text__content\">\n<h6>Dra. Beatriz Gutierrez Rivera<\/h6>\n\n\n\n<p class=\"has-text-align-left\">Biotecnolog\u00eda Enzim\u00e1tica y de Fermentaciones<\/p>\n\n\n\n<p>beatriz.gutierrez@itstb.edu.mx<\/p>\n\n\n\n<p>Instituto Tecnol\u00f3gico de Veracruz<\/p>\n\n\n\n<p>Profesor con perfil deseable PROMEP<\/p>\n<\/div><\/div>\n\n\n\n<div class=\"wp-block-media-text is-stacked-on-mobile\" style=\"grid-template-columns:29% auto\"><figure class=\"wp-block-media-text__media\"><img loading=\"lazy\" decoding=\"async\" width=\"1024\" height=\"826\" src=\"https:\/\/mcabi.itstb.edu.mx\/inicio\/wp-content\/uploads\/2025\/10\/karina-final-1024x826.png\" alt=\"\" class=\"wp-image-28 size-full\" srcset=\"https:\/\/mcabi.itstb.edu.mx\/inicio\/wp-content\/uploads\/2025\/10\/karina-final-1024x826.png 1024w, https:\/\/mcabi.itstb.edu.mx\/inicio\/wp-content\/uploads\/2025\/10\/karina-final-300x242.png 300w, https:\/\/mcabi.itstb.edu.mx\/inicio\/wp-content\/uploads\/2025\/10\/karina-final-768x619.png 768w, https:\/\/mcabi.itstb.edu.mx\/inicio\/wp-content\/uploads\/2025\/10\/karina-final-1536x1239.png 1536w, https:\/\/mcabi.itstb.edu.mx\/inicio\/wp-content\/uploads\/2025\/10\/karina-final.png 1674w\" sizes=\"auto, (max-width: 1024px) 100vw, 1024px\" \/><\/figure><div class=\"wp-block-media-text__content\">\n<h6>Dra. Karina Bustos Ram\u00edrez<\/h6>\n\n\n\n<p class=\"has-text-align-left\">Conservaci\u00f3n y Aprovechamiento Integral de Alimentos<\/p>\n\n\n\n<p>karina.bustos@itstb.edu.mx<\/p>\n\n\n\n<p>Universidad Aut\u00f3nomo del Estado de M\u00e9xico<\/p>\n\n\n\n<p>Investigaci\u00f3n Nacional Nivel C<\/p>\n\n\n\n<p>Profesor con perfil deseable PRODEP<\/p>\n<\/div><\/div>\n\n\n\n<div class=\"wp-block-media-text is-stacked-on-mobile\" style=\"grid-template-columns:29% auto\"><figure class=\"wp-block-media-text__media\"><img loading=\"lazy\" decoding=\"async\" width=\"1024\" height=\"784\" src=\"https:\/\/mcabi.itstb.edu.mx\/inicio\/wp-content\/uploads\/2025\/10\/karen-final-1024x784.png\" alt=\"\" class=\"wp-image-29 size-full\" srcset=\"https:\/\/mcabi.itstb.edu.mx\/inicio\/wp-content\/uploads\/2025\/10\/karen-final-1024x784.png 1024w, https:\/\/mcabi.itstb.edu.mx\/inicio\/wp-content\/uploads\/2025\/10\/karen-final-300x230.png 300w, https:\/\/mcabi.itstb.edu.mx\/inicio\/wp-content\/uploads\/2025\/10\/karen-final-768x588.png 768w, https:\/\/mcabi.itstb.edu.mx\/inicio\/wp-content\/uploads\/2025\/10\/karen-final-1536x1176.png 1536w, https:\/\/mcabi.itstb.edu.mx\/inicio\/wp-content\/uploads\/2025\/10\/karen-final.png 1764w\" sizes=\"auto, (max-width: 1024px) 100vw, 1024px\" \/><\/figure><div class=\"wp-block-media-text__content\">\n<h6>Dra. Karen Aylin Vargas Garc\u00eda<\/h6>\n\n\n\n<p class=\"has-text-align-left\">Conservaci\u00f3n y Aprovechamiento Integral de Alimentos<\/p>\n\n\n\n<p>gabriela.hernandez@itstb.edu.mx<\/p>\n\n\n\n<p>Instituto Tecnol\u00f3gico de Veracruz<\/p>\n\n\n\n<p>Integrante del cuerpo Acad\u00e9mico Tecnologias para el uso e Intesificaci\u00f3n de procesos biotecnol\u00f3gicos<\/p>\n\n\n\n<p>Profesor con perfil deseable, PROMEP<\/p>\n<\/div><\/div>\n\n\n\n<div class=\"wp-block-media-text is-stacked-on-mobile\" style=\"grid-template-columns:29% auto\"><figure class=\"wp-block-media-text__media\"><img loading=\"lazy\" decoding=\"async\" width=\"1024\" height=\"796\" src=\"https:\/\/mcabi.itstb.edu.mx\/inicio\/wp-content\/uploads\/2025\/10\/gabriela-final-1024x796.jpg\" alt=\"\" class=\"wp-image-30 size-full\" srcset=\"https:\/\/mcabi.itstb.edu.mx\/inicio\/wp-content\/uploads\/2025\/10\/gabriela-final-1024x796.jpg 1024w, https:\/\/mcabi.itstb.edu.mx\/inicio\/wp-content\/uploads\/2025\/10\/gabriela-final-300x233.jpg 300w, https:\/\/mcabi.itstb.edu.mx\/inicio\/wp-content\/uploads\/2025\/10\/gabriela-final-768x597.jpg 768w, https:\/\/mcabi.itstb.edu.mx\/inicio\/wp-content\/uploads\/2025\/10\/gabriela-final-1536x1195.jpg 1536w, https:\/\/mcabi.itstb.edu.mx\/inicio\/wp-content\/uploads\/2025\/10\/gabriela-final.jpg 1674w\" sizes=\"auto, (max-width: 1024px) 100vw, 1024px\" \/><\/figure><div class=\"wp-block-media-text__content\">\n<h6>Dra. Gabriela Hern\u00e1ndez Ram\u00edrez<\/h6>\n\n\n\n<p class=\"has-text-align-left\">Ingenieria de Procesos Biotecnol\u00f3gicos y Alimentarios<\/p>\n\n\n\n<p>gabriela.hernandez@itstb.edu.mx<\/p>\n\n\n\n<p>Colegio de Posgraduados<\/p>\n\n\n\n<p>Ingenieria de Procesos Biotecnol\u00f3gicos y Alimentarios<\/p>\n\n\n\n<p>Integrante del Cuerpo Acad\u00e9mico ITESTB-CA-05<\/p>\n\n\n\n<p>Profesor con perfil deseable, PROMEP<\/p>\n\n\n\n<h6 class=\"wp-block-heading\"><\/h6>\n<\/div><\/div>\n\n\n\n<div class=\"wp-block-group has-global-padding is-layout-constrained wp-block-group-is-layout-constrained\">\n<!--more EVIDENCIAS DE PRODUCTIVIDAD-->\n<\/div>\n\n\n\n<div data-wp-interactive=\"core\/file\" class=\"wp-block-file\"><object data-wp-bind--hidden=\"!state.hasPdfPreview\" hidden class=\"wp-block-file__embed\" data=\"https:\/\/mcabi.itstb.edu.mx\/inicio\/wp-content\/uploads\/2025\/10\/19_Evidencia_LGAC.pdf\" type=\"application\/pdf\" style=\"width:100%;height:600px\" aria-label=\"Incrustado de 19_Evidencia_LGAC.\"><\/object><a id=\"wp-block-file--media-48ccd695-fef0-424c-86f0-2ae9cefc7ce2\" href=\"https:\/\/mcabi.itstb.edu.mx\/inicio\/wp-content\/uploads\/2025\/10\/19_Evidencia_LGAC.pdf\">19_Evidencia_LGAC<\/a><a href=\"https:\/\/mcabi.itstb.edu.mx\/inicio\/wp-content\/uploads\/2025\/10\/19_Evidencia_LGAC.pdf\" class=\"wp-block-file__button wp-element-button\" download aria-describedby=\"wp-block-file--media-48ccd695-fef0-424c-86f0-2ae9cefc7ce2\">Descarga<\/a><\/div>\n\n\n\n<p><\/p>\n","protected":false},"excerpt":{"rendered":"<p>Maestr\u00eda en Ciencias de los Alimentos y Biotecnolog\u00eda N\u00facleo Acad\u00e9mico B\u00e1sico Instituto Tecnol\u00f3gico Superior de Tierra Blanca<\/p>\n","protected":false},"author":1,"featured_media":0,"parent":0,"menu_order":0,"comment_status":"closed","ping_status":"closed","template":"","meta":{"pagelayer_contact_templates":[],"_pagelayer_content":"","footnotes":""},"class_list":["post-17","page","type-page","status-publish","hentry"],"_links":{"self":[{"href":"https:\/\/mcabi.itstb.edu.mx\/inicio\/wp-json\/wp\/v2\/pages\/17","targetHints":{"allow":["GET"]}}],"collection":[{"href":"https:\/\/mcabi.itstb.edu.mx\/inicio\/wp-json\/wp\/v2\/pages"}],"about":[{"href":"https:\/\/mcabi.itstb.edu.mx\/inicio\/wp-json\/wp\/v2\/types\/page"}],"author":[{"embeddable":true,"href":"https:\/\/mcabi.itstb.edu.mx\/inicio\/wp-json\/wp\/v2\/users\/1"}],"replies":[{"embeddable":true,"href":"https:\/\/mcabi.itstb.edu.mx\/inicio\/wp-json\/wp\/v2\/comments?post=17"}],"version-history":[{"count":4,"href":"https:\/\/mcabi.itstb.edu.mx\/inicio\/wp-json\/wp\/v2\/pages\/17\/revisions"}],"predecessor-version":[{"id":45,"href":"https:\/\/mcabi.itstb.edu.mx\/inicio\/wp-json\/wp\/v2\/pages\/17\/revisions\/45"}],"wp:attachment":[{"href":"https:\/\/mcabi.itstb.edu.mx\/inicio\/wp-json\/wp\/v2\/media?parent=17"}],"curies":[{"name":"wp","href":"https:\/\/api.w.org\/{rel}","templated":true}]}}