{"id":78,"date":"2025-11-08T15:23:40","date_gmt":"2025-11-08T15:23:40","guid":{"rendered":"https:\/\/mcabi.itstb.edu.mx\/inicio\/?page_id=78"},"modified":"2025-11-08T15:23:40","modified_gmt":"2025-11-08T15:23:40","slug":"convocatoria","status":"publish","type":"page","link":"https:\/\/mcabi.itstb.edu.mx\/inicio\/convocatoria\/","title":{"rendered":"convocatoria"},"content":{"rendered":"\n<h2 class=\"wp-block-heading\">Maestr\u00eda en Ciencias de los Alimentos y Biotecnolog\u00eda<\/h2>\n\n\n\n<figure class=\"wp-block-image size-full\"><img loading=\"lazy\" decoding=\"async\" width=\"351\" height=\"252\" src=\"https:\/\/mcabi.itstb.edu.mx\/inicio\/wp-content\/uploads\/2025\/11\/Captura-de-pantalla-2025-11-05-131259.png\" alt=\"\" class=\"wp-image-80\" srcset=\"https:\/\/mcabi.itstb.edu.mx\/inicio\/wp-content\/uploads\/2025\/11\/Captura-de-pantalla-2025-11-05-131259.png 351w, https:\/\/mcabi.itstb.edu.mx\/inicio\/wp-content\/uploads\/2025\/11\/Captura-de-pantalla-2025-11-05-131259-300x215.png 300w\" sizes=\"auto, (max-width: 351px) 100vw, 351px\" \/><\/figure>\n\n\n\n<p>El Instituto Tecnol\u00f3gico Superior de Tierra Blanca a trav\u00e9s de la Subdirecci\u00f3n de Posgrado y de Investigaci\u00f3n a las personas interesadas en participar en el proceso de admisi\u00f3n para ingresar al programa de Maestr\u00eda en Ciencias de los Alimentos y Biotecnolog\u00eda en modalidad presencial reconocido por el Consejo Nacional de Ciencia y Tecnolog\u00eda (CONACYT).<\/p>\n\n\n\n<p>El proceso de selecci\u00f3n de estudiantes de la maestr\u00eda est\u00e1 regulado tanto por el Reglamento de Estudios de Posgrado del TecNM (REP) as\u00ed como por la Normativa Interna del Programa de Maestr\u00eda Ciencias de los Alimentos y Biotecnolog\u00eda del Instituto Tecnol\u00f3gico Superior de Tierra Blanca (ITSTB). El proceso de Ingreso requiere:<\/p>\n\n\n\n<figure class=\"wp-block-image size-full\"><img loading=\"lazy\" decoding=\"async\" width=\"154\" height=\"35\" src=\"https:\/\/mcabi.itstb.edu.mx\/inicio\/wp-content\/uploads\/2025\/11\/Captura-de-pantalla-2025-11-05-131429.png\" alt=\"\" class=\"wp-image-81\" srcset=\"https:\/\/mcabi.itstb.edu.mx\/inicio\/wp-content\/uploads\/2025\/11\/Captura-de-pantalla-2025-11-05-131429.png 154w, https:\/\/mcabi.itstb.edu.mx\/inicio\/wp-content\/uploads\/2025\/11\/Captura-de-pantalla-2025-11-05-131429-150x35.png 150w\" sizes=\"auto, (max-width: 154px) 100vw, 154px\" \/><\/figure>\n\n\n\n<ul class=\"wp-block-list\">\n<li>\u2022 Copia del Acta de Nacimiento.<\/li>\n\n\n\n<li>\u2022 Copia de la CURP.<\/li>\n\n\n\n<li>\u2022 Copia del certificado de estudios a nivel licenciatura. Promedio m\u00ednimo de 80 o equivalente.<\/li>\n\n\n\n<li>\u2022 Copia del t\u00edtulo de licenciatura o acta de examen.<\/li>\n\n\n\n<li>\u2022 Comprobante de presentaci\u00f3n de examen TOEFL (400 puntos o equivalente).<\/li>\n\n\n\n<li>\u2022 Comprobante de EXANI III o equivalente.<\/li>\n\n\n\n<li>\u2022 Carta de exposici\u00f3n de motivos por los cuales desea ingresar al programa, dirigido al Subdirector de Posgrado de investigaci\u00f3n con atenci\u00f3n a la coordinadora de la maestr\u00eda. (Solicitar formato a la coordinaci\u00f3n).<\/li>\n\n\n\n<li>\u2022 Dos cartas de recomendaci\u00f3n expedidas por profesores y\/o investigadores reconocidos por el \u00e1rea.<\/li>\n\n\n\n<li>\u2022 Cuatro fotograf\u00edas recientes tama\u00f1o infantil a color.<\/li>\n\n\n\n<li>\u2022 Curriculum Vitae.<\/li>\n<\/ul>\n\n\n\n<figure class=\"wp-block-image size-full\"><img loading=\"lazy\" decoding=\"async\" width=\"339\" height=\"33\" src=\"https:\/\/mcabi.itstb.edu.mx\/inicio\/wp-content\/uploads\/2025\/11\/Captura-de-pantalla-2025-11-05-131544.png\" alt=\"\" class=\"wp-image-83\" srcset=\"https:\/\/mcabi.itstb.edu.mx\/inicio\/wp-content\/uploads\/2025\/11\/Captura-de-pantalla-2025-11-05-131544.png 339w, https:\/\/mcabi.itstb.edu.mx\/inicio\/wp-content\/uploads\/2025\/11\/Captura-de-pantalla-2025-11-05-131544-300x29.png 300w\" sizes=\"auto, (max-width: 339px) 100vw, 339px\" \/><\/figure>\n\n\n\n<h5 class=\"wp-block-heading\">Primer Periodo<\/h5>\n\n\n\n<ul class=\"wp-block-list\">\n<li>Marzo &#8211; Junio<\/li>\n\n\n\n<li>Inicio de Clases: Agosto<\/li>\n<\/ul>\n\n\n\n<h5 class=\"wp-block-heading\">Segundo Periodo<\/h5>\n\n\n\n<ul class=\"wp-block-list\">\n<li> Septiembre &#8211; Diciembre<\/li>\n\n\n\n<li>Inicio de Clases: Febrero<\/li>\n<\/ul>\n\n\n\n<figure class=\"wp-block-image size-full\"><img loading=\"lazy\" decoding=\"async\" width=\"283\" height=\"36\" src=\"https:\/\/mcabi.itstb.edu.mx\/inicio\/wp-content\/uploads\/2025\/11\/Captura-de-pantalla-2025-11-05-131911.png\" alt=\"\" class=\"wp-image-84\"\/><\/figure>\n\n\n\n<ul class=\"wp-block-list\">\n<li>Primera quincena de Julio. (Primer Per\u00edodo de Selecci\u00f3n )<\/li>\n\n\n\n<li>Primera quincena de Enero. (Segundo Per\u00edodo de Selecci\u00f3n )<\/li>\n<\/ul>\n\n\n\n<figure class=\"wp-block-image size-full\"><img loading=\"lazy\" decoding=\"async\" width=\"296\" height=\"36\" src=\"https:\/\/mcabi.itstb.edu.mx\/inicio\/wp-content\/uploads\/2025\/11\/Captura-de-pantalla-2025-11-05-132258.png\" alt=\"\" class=\"wp-image-85\"\/><\/figure>\n\n\n\n<p><a href=\"https:\/\/mcabi.itstb.edu.mx\/assets\/Convocatoria_MCABI_2021-1.pdf\">https:\/\/mcabi.itstb.edu.mx\/assets\/Convocatoria_MCABI_2021-1.pdf<\/a><\/p>\n","protected":false},"excerpt":{"rendered":"<p>Maestr\u00eda en Ciencias de los Alimentos y Biotecnolog\u00eda El Instituto Tecnol\u00f3gico Superior de Tierra Blanca a trav\u00e9s de la Subdirecci\u00f3n de Posgrado y de Investigaci\u00f3n a las personas interesadas en participar en el proceso de admisi\u00f3n para ingresar al programa de Maestr\u00eda en Ciencias de los Alimentos y Biotecnolog\u00eda en modalidad presencial reconocido por el [&hellip;]<\/p>\n","protected":false},"author":1,"featured_media":0,"parent":0,"menu_order":0,"comment_status":"closed","ping_status":"closed","template":"","meta":{"pagelayer_contact_templates":[],"_pagelayer_content":"","footnotes":""},"class_list":["post-78","page","type-page","status-publish","hentry"],"_links":{"self":[{"href":"https:\/\/mcabi.itstb.edu.mx\/inicio\/wp-json\/wp\/v2\/pages\/78","targetHints":{"allow":["GET"]}}],"collection":[{"href":"https:\/\/mcabi.itstb.edu.mx\/inicio\/wp-json\/wp\/v2\/pages"}],"about":[{"href":"https:\/\/mcabi.itstb.edu.mx\/inicio\/wp-json\/wp\/v2\/types\/page"}],"author":[{"embeddable":true,"href":"https:\/\/mcabi.itstb.edu.mx\/inicio\/wp-json\/wp\/v2\/users\/1"}],"replies":[{"embeddable":true,"href":"https:\/\/mcabi.itstb.edu.mx\/inicio\/wp-json\/wp\/v2\/comments?post=78"}],"version-history":[{"count":2,"href":"https:\/\/mcabi.itstb.edu.mx\/inicio\/wp-json\/wp\/v2\/pages\/78\/revisions"}],"predecessor-version":[{"id":157,"href":"https:\/\/mcabi.itstb.edu.mx\/inicio\/wp-json\/wp\/v2\/pages\/78\/revisions\/157"}],"wp:attachment":[{"href":"https:\/\/mcabi.itstb.edu.mx\/inicio\/wp-json\/wp\/v2\/media?parent=78"}],"curies":[{"name":"wp","href":"https:\/\/api.w.org\/{rel}","templated":true}]}}